{"id":1138,"date":"2020-01-10T12:04:30","date_gmt":"2020-01-10T12:04:30","guid":{"rendered":"https:\/\/wpppa.educell.sk\/en\/?page_id=1138"},"modified":"2020-01-10T12:13:01","modified_gmt":"2020-01-10T12:13:01","slug":"payment-instructions","status":"publish","type":"page","link":"https:\/\/wpppa.educell.sk\/en\/index.php\/payment-instructions\/","title":{"rendered":"Payment instructions"},"content":{"rendered":"\n<h3 class=\"wp-block-heading\">The conference fee can be paid by bank wire transfer to:<\/h3>\n\n\n\n<div class=\"wp-block-image\"><figure class=\"alignright size-large is-resized\"><img loading=\"lazy\" decoding=\"async\" src=\"https:\/\/wpppa.educell.sk\/en\/wp-content\/uploads\/2020\/01\/bank-transfer-150x150-1.png\" alt=\"\" class=\"wp-image-1140\" width=\"199\" height=\"199\" srcset=\"https:\/\/wpppa.educell.sk\/en\/wp-content\/uploads\/2020\/01\/bank-transfer-150x150-1.png 150w, https:\/\/wpppa.educell.sk\/en\/wp-content\/uploads\/2020\/01\/bank-transfer-150x150-1-100x100.png 100w\" sizes=\"(max-width: 199px) 100vw, 199px\" \/><\/figure><\/div>\n\n\n\n<p><strong>IBAN:<\/strong> SK22 0200 0000 0017 0063 9053<br><strong>Variable symbol:<\/strong> 112019 (<strong><span style=\"color: #df1616;\" data=\"#df1616\" class=\"qubely-text-has-color\">DO <\/span><span style=\"color: #d21818;\" data=\"#d21818\" class=\"qubely-text-has-color\">NOT FORGET TO INCLUDE IT!<\/span><\/strong>)<br><strong>SWIFT:<\/strong> SUBASKBX<br><strong>Bank:<\/strong> V\u00daB, a.s., Gork\u00e9ho 7, 813 20 Bratislava, Slovakia<\/p>\n\n\n\n<p><strong>Owner:<\/strong> Slovak Chemical Society<br>Radlinsk\u00e9ho 9<br>812 15 Bratislava<br>Slovakia<\/p>\n\n\n\n<p>Company ID number : 178 900<br>Tax ID number : 2020801563<\/p>\n\n\n\n<h4 class=\"wp-block-heading\">In the &#8220;Message to the recipient&#8221;, please, do not forget to include your name\/names for identification!<\/h4>\n","protected":false},"excerpt":{"rendered":"<p>The conference fee can be paid by bank wire transfer to: IBAN: SK22 0200 0000 0017 0063 9053Variable symbol: 112019 (DO NOT FORGET TO INCLUDE IT!)SWIFT: SUBASKBXBank: V\u00daB, a.s., Gork\u00e9ho 7, 813 20 Bratislava, Slovakia Owner: Slovak Chemical SocietyRadlinsk\u00e9ho 9812 15 BratislavaSlovakia Company ID number : 178 900Tax ID number : 2020801563 In the &#8220;Message&nbsp;<\/p>\n<p><a class=\"btn btn-style\" href=\"https:\/\/wpppa.educell.sk\/en\/index.php\/payment-instructions\/\">Continue Reading<\/a><\/p>\n","protected":false},"author":1,"featured_media":0,"parent":0,"menu_order":0,"comment_status":"closed","ping_status":"closed","template":"","meta":{"qubely_global_settings":"","qubely_interactions":"","_monsterinsights_skip_tracking":false,"_monsterinsights_sitenote_active":false,"_monsterinsights_sitenote_note":"","_monsterinsights_sitenote_category":0,"_vp_format_video_url":"","_vp_image_focal_point":[],"footnotes":""},"class_list":["post-1138","page","type-page","status-publish","hentry"],"yoast_head":"<!-- This site is optimized with the Yoast SEO plugin v15.6.2 - https:\/\/yoast.com\/wordpress\/plugins\/seo\/ -->\n<title>Payment instructions - WPPPA Conference 2020<\/title>\n<meta name=\"robots\" content=\"index, follow, max-snippet:-1, max-image-preview:large, max-video-preview:-1\" \/>\n<link rel=\"canonical\" href=\"https:\/\/wpppa.educell.sk\/en\/index.php\/payment-instructions\/\" \/>\n<meta property=\"og:locale\" content=\"en_US\" \/>\n<meta property=\"og:type\" content=\"article\" \/>\n<meta property=\"og:title\" content=\"Payment instructions - WPPPA Conference 2020\" \/>\n<meta property=\"og:description\" content=\"The conference fee can be paid by bank wire transfer to: IBAN: SK22 0200 0000 0017 0063 9053Variable symbol: 112019 (DO NOT FORGET TO INCLUDE IT!)SWIFT: SUBASKBXBank: V\u00daB, a.s., Gork\u00e9ho 7, 813 20 Bratislava, Slovakia Owner: Slovak Chemical SocietyRadlinsk\u00e9ho 9812 15 BratislavaSlovakia Company ID number : 178 900Tax ID number : 2020801563 In the &#8220;Message&nbsp;Continue Reading\" \/>\n<meta property=\"og:url\" content=\"https:\/\/wpppa.educell.sk\/en\/index.php\/payment-instructions\/\" \/>\n<meta property=\"og:site_name\" content=\"WPPPA Conference 2020\" \/>\n<meta property=\"article:modified_time\" content=\"2020-01-10T12:13:01+00:00\" \/>\n<meta property=\"og:image\" content=\"https:\/\/wpppa.educell.sk\/en\/wp-content\/uploads\/2020\/01\/bank-transfer-150x150-1.png\" \/>\n<meta name=\"twitter:card\" content=\"summary_large_image\" \/>\n<script type=\"application\/ld+json\" class=\"yoast-schema-graph\">{\"@context\":\"https:\/\/schema.org\",\"@graph\":[{\"@type\":\"WebSite\",\"@id\":\"https:\/\/wpppa.educell.sk\/en\/#website\",\"url\":\"https:\/\/wpppa.educell.sk\/en\/\",\"name\":\"WPPPA Conference 2020\",\"description\":\"Wood, Pulp and Paper &amp; Polygrafia Academica Conference \",\"potentialAction\":[{\"@type\":\"SearchAction\",\"target\":\"https:\/\/wpppa.educell.sk\/en\/?s={search_term_string}\",\"query-input\":\"required name=search_term_string\"}],\"inLanguage\":\"en-US\"},{\"@type\":\"ImageObject\",\"@id\":\"https:\/\/wpppa.educell.sk\/en\/index.php\/payment-instructions\/#primaryimage\",\"inLanguage\":\"en-US\",\"url\":\"https:\/\/wpppa.educell.sk\/en\/wp-content\/uploads\/2020\/01\/bank-transfer-150x150-1.png\",\"width\":150,\"height\":150},{\"@type\":\"WebPage\",\"@id\":\"https:\/\/wpppa.educell.sk\/en\/index.php\/payment-instructions\/#webpage\",\"url\":\"https:\/\/wpppa.educell.sk\/en\/index.php\/payment-instructions\/\",\"name\":\"Payment instructions - WPPPA Conference 2020\",\"isPartOf\":{\"@id\":\"https:\/\/wpppa.educell.sk\/en\/#website\"},\"primaryImageOfPage\":{\"@id\":\"https:\/\/wpppa.educell.sk\/en\/index.php\/payment-instructions\/#primaryimage\"},\"datePublished\":\"2020-01-10T12:04:30+00:00\",\"dateModified\":\"2020-01-10T12:13:01+00:00\",\"inLanguage\":\"en-US\",\"potentialAction\":[{\"@type\":\"ReadAction\",\"target\":[\"https:\/\/wpppa.educell.sk\/en\/index.php\/payment-instructions\/\"]}]}]}<\/script>\n<!-- \/ Yoast SEO plugin. -->","_links":{"self":[{"href":"https:\/\/wpppa.educell.sk\/en\/index.php\/wp-json\/wp\/v2\/pages\/1138"}],"collection":[{"href":"https:\/\/wpppa.educell.sk\/en\/index.php\/wp-json\/wp\/v2\/pages"}],"about":[{"href":"https:\/\/wpppa.educell.sk\/en\/index.php\/wp-json\/wp\/v2\/types\/page"}],"author":[{"embeddable":true,"href":"https:\/\/wpppa.educell.sk\/en\/index.php\/wp-json\/wp\/v2\/users\/1"}],"replies":[{"embeddable":true,"href":"https:\/\/wpppa.educell.sk\/en\/index.php\/wp-json\/wp\/v2\/comments?post=1138"}],"version-history":[{"count":3,"href":"https:\/\/wpppa.educell.sk\/en\/index.php\/wp-json\/wp\/v2\/pages\/1138\/revisions"}],"predecessor-version":[{"id":1144,"href":"https:\/\/wpppa.educell.sk\/en\/index.php\/wp-json\/wp\/v2\/pages\/1138\/revisions\/1144"}],"wp:attachment":[{"href":"https:\/\/wpppa.educell.sk\/en\/index.php\/wp-json\/wp\/v2\/media?parent=1138"}],"curies":[{"name":"wp","href":"https:\/\/api.w.org\/{rel}","templated":true}]}}